{"id":23,"date":"2013-05-31T15:27:23","date_gmt":"2013-05-31T13:27:23","guid":{"rendered":"http:\/\/andrelehmann.com\/?page_id=23"},"modified":"2014-03-29T13:55:22","modified_gmt":"2014-03-29T11:55:22","slug":"releases","status":"publish","type":"page","link":"https:\/\/andrelehmann.com\/?page_id=23","title":{"rendered":"Releases"},"content":{"rendered":"<p>as Andr\u00e9 Lehmann<br \/>\n#Andr\u00e9 Lehmann &#8211; Magenta Fee &#8211; Fee003<br \/>\n#Andr\u00e9 Lehmann &#8211; Rote Fee &#8211; Fee001<br \/>\n#Andr\u00e9 Lehmann \u2013 Freischwimmer \u2013 Damm-Records<\/p>\n<p>Remixes:<br \/>\n#Ante Pom &#8222;Neue Heimat&#8220; (Andre Lehmann Remix) Techno Schwalben<br \/>\n#Flamen &#8222;B&#8217;n Luv&#8220; (Andre Lehmann Remix) Giraphone Records<br \/>\n#Shorty &#8222;Good Words&#8220; (Andre Lehmann Remix \/ dammdigi0006)<br \/>\n#Glanz &amp; Ledwa &#8211; Mensch \u00e4rgere dich nicht (Andre Lehmann Rmx) Damm-Records<br \/>\n#W!LD KAT &#8211; DEEP ROARMANTIC (Andre Lehmann deep in the Jungle Remix) Cubetribe-Records<br \/>\n#Das Fachpersonal &#8211; Skinner Box (Andre Lehmann Remix) Cubetribe-Records<br \/>\n#Marc de Vole &#8222;Dirty&#8220; (Glanz&amp;Lehmann rmx) M.M.A.D Records<br \/>\n#Turm 3 &#8222;EY!&#8220; (Glanz&amp;Lehmann rmx) M.M.A.D.<br \/>\n#Alex Kraus &#8222;Loco Latina&#8220; (Glanz&amp;Lehmann rmx) Damm-Records<\/p>\n<p>as Audiopunkz:<br \/>\n#Raumzeit &#8211; M.M.A.D Records<br \/>\n#Supernova &#8211; M.M.A.D Records<br \/>\n#Partikelsturm &#8211; M.M.A.D Records<br \/>\n#Full Reset Full &#8211; Damm-Records<br \/>\n#Wite Snow &#8211; Damm-Records<br \/>\n#Zerotown &#8211; Damm-Records<br \/>\n#Preatending &#8211; Damm-Records<br \/>\n#Secret Transmission &#8211; Coexistence-Recordings<br \/>\n#Strainge Signal &#8211; Coexistence-Recordings<br \/>\n#The Core &#8211; Coexistence-Recordings<br \/>\n#Kleine Sandplatzmusik &#8211; Pearldiver-Records<br \/>\n#Nightingale &#8211; Major Rec.<br \/>\n#Kleine Sandplatzmusik &#8211; Pearldiver-Records<\/p>\n<p>Remixes#<br \/>\nals Audiopunkz:<br \/>\n#Statv Connection &#8222;Sommerraupe&#8220; (Nimmersatt rmx) M.M.A.D.<br \/>\n#tonKombinat &#8222;Funkwirtschaft&#8220; (audiopunkz rmx) Still und Heimlich<br \/>\n#Funk Syndikat &#8222;Kick the House&#8220; (audiopunkz rmx) Piste Records<br \/>\n#H\u00e5kan Ludvigson &#8222;Trollfl\u00f6jten&#8220; (audiopunkz rmx) Pearldiver-Records<\/p>\n<p>Tracks Appear On#<br \/>\nWE LOVE BERLIN 5.1 &#8211; MINIMAL TECHNO PARADE<br \/>\nDEEP IN HOUSE, VOL. 15<br \/>\nDEEP IN HOUSE, VOL. 16<br \/>\nWatergate 05 Mix CD &#8211; Watergate-Records<br \/>\nElectronic Earcandy, Vol. 1<br \/>\nMinimal = Maximal, Vol. 15<br \/>\nDamm Records &amp; Friends Best of 2012<br \/>\nUrban Ride, Vol. 5 &#8211; Tasty Urban Electronic Beats<br \/>\nMINIMALE KLANGTHERAPIE, VOL.1 &#8211; Momentum League<br \/>\nDamm Records &amp; Friends, Vol. 2<br \/>\nLA MAISON MINIMAL, VOL. 2 &#8211; FINEST MINIMAL TUNES<br \/>\nMINIMALE KLANGTHERAPIE, VOL.1 &#8211; Momentum League<br \/>\nCelebrate Tech-House &#8211; Cherry Pickers<\/p>\n","protected":false},"excerpt":{"rendered":"<p>as Andr\u00e9 Lehmann #Andr\u00e9 Lehmann &#8211; Magenta Fee &#8211; Fee003 #Andr\u00e9 Lehmann &#8211; Rote Fee &#8211; Fee001 #Andr\u00e9 Lehmann \u2013 Freischwimmer \u2013 Damm-Records Remixes: #Ante Pom &#8222;Neue Heimat&#8220; (Andre Lehmann Remix) Techno Schwalben #Flamen &#8222;B&#8217;n Luv&#8220; (Andre Lehmann Remix) Giraphone Records #Shorty &#8222;Good Words&#8220; (Andre Lehmann Remix \/ dammdigi0006) #Glanz &#8230;<\/p>\n","protected":false},"author":1,"featured_media":0,"parent":0,"menu_order":0,"comment_status":"open","ping_status":"open","template":"","meta":[],"_links":{"self":[{"href":"https:\/\/andrelehmann.com\/index.php?rest_route=\/wp\/v2\/pages\/23"}],"collection":[{"href":"https:\/\/andrelehmann.com\/index.php?rest_route=\/wp\/v2\/pages"}],"about":[{"href":"https:\/\/andrelehmann.com\/index.php?rest_route=\/wp\/v2\/types\/page"}],"author":[{"embeddable":true,"href":"https:\/\/andrelehmann.com\/index.php?rest_route=\/wp\/v2\/users\/1"}],"replies":[{"embeddable":true,"href":"https:\/\/andrelehmann.com\/index.php?rest_route=%2Fwp%2Fv2%2Fcomments&post=23"}],"version-history":[{"count":12,"href":"https:\/\/andrelehmann.com\/index.php?rest_route=\/wp\/v2\/pages\/23\/revisions"}],"predecessor-version":[{"id":33,"href":"https:\/\/andrelehmann.com\/index.php?rest_route=\/wp\/v2\/pages\/23\/revisions\/33"}],"wp:attachment":[{"href":"https:\/\/andrelehmann.com\/index.php?rest_route=%2Fwp%2Fv2%2Fmedia&parent=23"}],"curies":[{"name":"wp","href":"https:\/\/api.w.org\/{rel}","templated":true}]}}